{"id":717,"date":"2025-05-17T18:29:49","date_gmt":"2025-05-17T18:29:49","guid":{"rendered":"https:\/\/trinitycreationsbarcelona.com\/aviso-legal\/"},"modified":"2025-12-19T16:16:26","modified_gmt":"2025-12-19T16:16:26","slug":"aviso-legal","status":"publish","type":"page","link":"https:\/\/trinitycreationsbarcelona.com\/en\/aviso-legal\/","title":{"rendered":"Legal notice"},"content":{"rendered":"<section class=\"text_content_text_1_1 background-1-light\" data-block-id=\"69e1745e2a96369e1745e2a964\" data-block-name=\"acf\/textcontent-1-1\" data-post-id=\"717\" data-stable-id=\"block_490b068011498071c650d7f7d0cc5fcc\">\r\n    <div class=\"container\">\r\n        <div class=\"row\">\r\n            <div class=\"col\">\r\n                <div class=\"content-theme\">\r\n                                        <div class=\"texto color-1-headings-dark tamano7\">\r\n                        <p>LEGAL NOTICE AND GENERAL TERMS OF USE<br \/>https:\/\/trinitycreationsbarcelona.com\/en\/<\/p>\n<p>I. GENERAL INFORMATION<\/p>\n<p>In compliance with the duty to provide information established in Law 34\/2002 on Information Society Services and Electronic Commerce (LSSI-CE) of July 11, the following general information about this website is provided below:<\/p>\n<p>This website, https:\/\/trinitycreationsbarcelona.com\/en\/ (hereinafter, the Website), is owned by: Francesca Glisoni , with Tax Identification Number (NIF): Y6069820L, and whose contact details are:<\/p>\n<p>Address: <\/p>\n<p>Contact telephone number: +34656963377<\/p>\n<p>Contact email address: <\/p>\n<p>II. GENERAL TERMS AND CONDITIONS OF USE<br \/>Subject of the Terms: The Website<\/p>\n<p>The purpose of these General Terms of Use (hereinafter, Terms) is to regulate access to and use of the Website. For the purposes of these Terms, the Website shall be understood to mean: the external appearance of the screen interfaces, both static and dynamic, that is, the navigation structure; and all elements integrated into both the screen interfaces and the navigation structure (hereinafter, Content) and all online services or resources that may be offered to Users (hereinafter, Services).<\/p>\n<p> Blog reserves the right to modify, at any time and without prior notice, the presentation and configuration of the Website and the Content and Services that may be incorporated therein. The User acknowledges and accepts that  Blog may, at any time, interrupt, disable, and\/or cancel any of these elements integrated into the Website or access to them.<\/p>\n<p>Access to the Website is free and, as a general rule, does not require payment from the User, except for the cost of internet access through the telecommunications network provided by the User&#8217;s internet service provider.<br \/>The use of some of the Website&#8217;s Content or Services may require prior subscription or registration by the User.<\/p>\n<p>The User<\/p>\n<p>Accessing, browsing, and using the Website, as well as the spaces enabled for interaction between Users, and the User and Blog of Francesca Glisoni, such as comments and\/or blogging spaces, confers the status of User. Therefore, by accessing the Website, the User accepts all the Conditions established herein, as well as any subsequent modifications, without prejudice to the application of the corresponding mandatory legal regulations. Given the importance of the foregoing, the User is advised to read them each time they visit the Website.<\/p>\n<p>The  Blog Website provides a wide variety of information, services, and data. The User assumes responsibility for making proper use of the Website. This responsibility extends to:<\/p>\n<p>Using the information, Content, and\/or Services and data offered by the  Blog in a manner that does not violate these Terms and Conditions, the Law, morality, or public order, or that may otherwise infringe upon the rights of third parties or the proper functioning of the Website.<\/p>\n<p>Ensuring the accuracy and legality of the information provided by the User in the forms provided by the  Blog for access to certain Content or Services offered by the Website. In any case, the User will immediately notify Blog de Francesca Glisoni about any fact that allows the misuse of the information registered in said forms, such as, but not only, theft, loss, or unauthorized access to identifiers and\/or passwords, in order to proceed with their immediate cancellation.<\/p>\n<p>The Francesca Glisoni Blog reserves the right to remove any comments or contributions that violate the law, respect for human dignity, or that are discriminatory, xenophobic, racist, pornographic, spam, harmful to minors, or that threaten public order or safety, or that, in its opinion, are unsuitable for publication.<\/p>\n<p>In any case, the Francesca Glisoni Blog will not be responsible for the opinions expressed by Users through comments or other blogging or participation tools that may be available.<\/p>\n<p>Mere access to this Website does not imply the establishment of any type of commercial relationship between the Francesca Glisoni Blog and the User.<\/p>\n<p>The User declares to be of legal age and to have sufficient legal capacity to be bound by these Terms and Conditions. Therefore, this Francesca Glisoni Blog Website is not directed at minors.  Blog disclaims all liability for failure to comply with this requirement.<\/p>\n<p>III. WEBSITE ACCESS AND NAVIGATION: EXCLUSION OF WARRANTIES AND LIABILITY<br \/> Blog does not guarantee the continuity, availability, or usefulness of the Website, nor of its Content or Services.  Blog will make every effort to ensure the proper functioning of the Website; however, it is not responsible for and does not guarantee that access to this Website will be uninterrupted or error-free.<\/p>\n<p>It is also not responsible for or does not guarantee that the content or software accessible through this Website is error-free or will not cause damage to the User&#8217;s computer system (software and hardware). Under no circumstances will the  Blog be liable for any losses, damages, or harm of any kind arising from access to, browsing of, or use of the Website, including, but not limited to, damage to computer systems or damage caused by the introduction of viruses.<\/p>\n<p>The  Blog is also not responsible for any damages that may be caused to users by improper use of this Website. In particular, it is not responsible in any way for any failures, interruptions, or defects in telecommunications that may occur.<\/p>\n<p>IV. LINKS POLICY<br \/>Users are hereby informed that the  Blog Website provides or may provide links (such as, among others, hyperlinks, banners, and buttons), directories, and search engines that allow users to access websites belonging to and\/or managed by third parties.<\/p>\n<p>The inclusion of these links, directories, and search engines on the Website is intended to facilitate Users&#8217; search for and access to information available on the Internet, and should not be considered a suggestion, recommendation, or invitation to visit them.<\/p>\n<p>The  Blog does not offer or sell, either directly or through third parties, the products and\/or services available on these linked sites.<\/p>\n<p>Likewise, it does not guarantee the technical availability, accuracy, truthfulness, validity, or legality of sites not owned by it that may be accessed through these links.<\/p>\n<p>The  Blog will under no circumstances review or control the content of other websites, nor does it approve, examine, or endorse the products, services, content, files, or any other material found on these linked sites.<\/p>\n<p>The  Blog assumes no responsibility for any damages that may occur due to access, use, quality or legality of the content, communications, opinions, products and services of websites not managed by the  Blog and that are linked to this Website.<\/p>\n<p>Any user or third party creating a hyperlink from another website to the  Blog Website must be aware that:<\/p>\n<p>Reproduction\u2014in whole or in part\u2014of any of the Website&#8217;s Content and\/or Services is not permitted without the express authorization of the  Blog.<\/p>\n<p>No false, inaccurate, or misleading statements about the  Blog Website, or its Content and\/or Services, are permitted.<\/p>\n<p>With the exception of the hyperlink itself, the website containing the hyperlink may not include any element from this Website that is protected as intellectual property under Spanish law, unless expressly authorized by the  Blog.<\/p>\n<p>The establishment of a hyperlink does not imply any relationship between the  Blog and the owner of the website from which it originates, nor does it imply the  Blog&#8217;s knowledge or acceptance of the content, services, and\/or activities offered on that website, and vice versa.<\/p>\n<p>V. INTELLECTUAL AND INDUSTRIAL PROPERTY<br \/>The  Blog, either directly or as an assignee, owns all intellectual and industrial property rights to the Website, as well as the elements contained therein (including, but not limited to, images, sound, audio, video, software or text, trademarks or logos, color combinations, structure and design, selection of materials used, computer programs necessary for its operation, access and use, etc.). These works are therefore protected as intellectual property under Spanish law, and are subject to both Spanish and European Union regulations in this field, as well as international treaties on the subject to which Spain is a signatory.<\/p>\n<p>All rights reserved. Pursuant to the provisions of the Intellectual Property Law, the reproduction, distribution, and public communication, including making available, of all or part of the content of this website for commercial purposes, in any medium and by any technical means, is expressly prohibited without the authorization of the  Blog.<\/p>\n<p>The User agrees to respect the intellectual and industrial property rights of the  Blog. The User may view the elements of the Website and even print, copy, and store them on their computer&#8217;s hard drive or any other physical medium, provided that this is exclusively for their personal use. However, the User may not delete, alter, or manipulate any protection device or security system installed on the Website.<\/p>\n<p>Should the User or any third party believe that any of the Website Content infringes intellectual property rights, they must immediately notify the  Blog using the contact information in the GENERAL INFORMATION section of this Legal Notice and General Terms of Use.<\/p>\n<p>VI. LEGAL ACTIONS, APPLICABLE LAW, AND JURISDICTION<br \/>The  Blog reserves the right to take any civil or criminal action it deems necessary for the misuse of the Website and its Content, or for any breach of these Terms.<\/p>\n<p>The relationship between the User and the  Blog shall be governed by the laws in force and applicable in Spain. Any dispute arising in connection with the interpretation and\/or application of these Terms shall be submitted to the ordinary courts of law, subject to the jurisdiction of the competent courts and tribunals.<\/p>\n<p>This Legal Notice and General Terms of Use document for the website was created using the online legal notice and terms of use template generator on 18\/02\/2024.<\/p>\n                    <\/div>\r\n                                    <\/div>\r\n            <\/div>\r\n        <\/div>\r\n    <\/div>\r\n<\/section>\r\n<style>\r\n    .text_content_text_1_1 h1 {\r\n        padding-bottom: 60px;\r\n        font-size: var(--tamano1-font-size);\r\n        font-weight: var(--tamano1-font-weight);\r\n        line-height: var(--tamano1-line-height);\r\n        letter-spacing: var(--tamano1-letter-spacing);\r\n        font-family: var(--tamano1-font-family);\r\n        color: var(--color-2-headings-dark);\r\n    }\r\n\r\n    .text_content_text_1_1 h2 {\r\n        padding-bottom: 60px;\r\n        font-size: var(--tamano2-font-size);\r\n        font-weight: var(--tamano2-font-weight);\r\n        line-height: var(--tamano2-line-height);\r\n        letter-spacing: var(--tamano2-letter-spacing);\r\n        font-family: var(--tamano2-font-family);\r\n        color: var(--color-2-headings-dark);\r\n    }\r\n\r\n    .text_content_text_1_1 h3 {\r\n        padding-bottom: 60px;\r\n        font-size: var(--tamano3-font-size);\r\n        font-weight: var(--tamano3-font-weight);\r\n        line-height: var(--tamano3-line-height);\r\n        letter-spacing: var(--tamano3-letter-spacing);\r\n        font-family: var(--tamano3-font-family);\r\n        color: var(--color-2-headings-dark);\r\n    }\r\n\r\n    .text_content_text_1_1 h4 {\r\n        padding-bottom: 60px;\r\n        font-size: var(--tamano4-font-size);\r\n        font-weight: var(--tamano4-font-weight);\r\n        line-height: var(--tamano4-line-height);\r\n        letter-spacing: var(--tamano4-letter-spacing);\r\n        font-family: var(--tamano4-font-family);\r\n        color: var(--color-2-headings-dark);\r\n    }\r\n\r\n    .text_content_text_1_1 ul,\r\n    .text_content_text_1_1 ol {\r\n        padding-left: 20px;\r\n    }\r\n\r\n    .text_content_text_1_1 .row .col {\r\n        padding-top: 75px;\r\n        width: 100%;\r\n    }\r\n\r\n\r\n    .text_content_text_1_1 .texto {\r\n        margin-bottom: 50px;\r\n    }\r\n\r\n    .text_content_text_1_1 .texto * {\r\n        padding-bottom: 20px;\r\n    }\r\n\r\n\r\n    .text_content_text_1_1 .row {\r\n        display: flex;\r\n        gap: 0px;\r\n    }\r\n\r\n    .text_content_text_1_1 {\r\n        position: relative;\r\n        background-position: center;\r\n        background-repeat: no-repeat;\r\n        background-size: cover;\r\n        padding: 81px 150px;\r\n        margin-top: -1px;\r\n    }\r\n\r\n    @media (max-width:1750px) {\r\n        .text_content_text_1_1 .row {\r\n            gap: 100px;\r\n        }\r\n    }\r\n\r\n    @media (max-width:1550px) {\r\n        .text_content_text_1_1 {\r\n            padding-left: 50px;\r\n            padding-right: 50px;\r\n        }\r\n    }\r\n\r\n    @media (max-width:1350px) {\r\n        .text_content_text_1_1 .row {\r\n            gap: 30px;\r\n        }\r\n    }\r\n\r\n    @media (max-width:1200px) {\r\n        .text_content_text_1_1 {\r\n            padding-left: 0;\r\n            padding-right: 0;\r\n        }\r\n    }\r\n\r\n    @media (max-width:992px) {\r\n        .text_content_text_1_1 .row .col-left {\r\n            padding-top: 0;\r\n            max-width: 100%;\r\n        }\r\n\r\n        .text_content_text_1_1 .texto {\r\n            margin-bottom: 35px;\r\n        }\r\n\r\n        .text_content_text_1_1 h2 {\r\n            padding-bottom: 40px;\r\n        }\r\n\r\n        .text_content_text_1_1 {\r\n            padding: 40px 0;\r\n        }\r\n\r\n        .text_content_text_1_1 h1 {\r\n            font-size: var(--tamano1-font-size-mobile);\r\n        }\r\n\r\n        .text_content_text_1_1 h2 {\r\n            font-size: var(--tamano2-font-size-mobile);\r\n        }\r\n\r\n        .text_content_text_1_1 h3 {\r\n            font-size: var(--tamano3-font-size-mobile);\r\n        }\r\n\r\n        .text_content_text_1_1 h4 {\r\n            font-size: var(--tamano4-font-size-mobile);\r\n        }\r\n    }\r\n<\/style>\r\n","protected":false},"excerpt":{"rendered":"","protected":false},"author":0,"featured_media":0,"parent":0,"menu_order":0,"comment_status":"open","ping_status":"closed","template":"","meta":{"_acf_changed":false,"iawp_total_views":1,"footnotes":""},"class_list":["post-717","page","type-page","status-publish","hentry"],"acf":[],"yoast_head":"<!-- This site is optimized with the Yoast SEO plugin v27.4 - https:\/\/yoast.com\/product\/yoast-seo-wordpress\/ -->\n<title>Aviso Legal y Condiciones de Uso - Trinity<\/title>\n<meta name=\"description\" content=\"Conoce los t\u00e9rminos, condiciones y pol\u00edticas de uso del sitio web de Trinity. Informaci\u00f3n sobre responsabilidades y derechos en trinitycreationsbarcelona.com.\" \/>\n<meta name=\"robots\" content=\"index, follow, max-snippet:-1, max-image-preview:large, max-video-preview:-1\" \/>\n<link rel=\"canonical\" href=\"https:\/\/trinitycreationsbarcelona.com\/en\/aviso-legal\/\" \/>\n<meta property=\"og:locale\" content=\"en_US\" \/>\n<meta property=\"og:type\" content=\"article\" \/>\n<meta property=\"og:title\" content=\"Aviso Legal y Condiciones de Uso - Trinity\" \/>\n<meta property=\"og:description\" content=\"Conoce los t\u00e9rminos, condiciones y pol\u00edticas de uso del sitio web de Trinity. Informaci\u00f3n sobre responsabilidades y derechos en trinitycreationsbarcelona.com.\" \/>\n<meta property=\"og:url\" content=\"https:\/\/trinitycreationsbarcelona.com\/en\/aviso-legal\/\" \/>\n<meta property=\"og:site_name\" content=\"TrinityCreationsBarcelona\" \/>\n<meta property=\"article:modified_time\" content=\"2025-12-19T16:16:26+00:00\" \/>\n<meta name=\"twitter:card\" content=\"summary_large_image\" \/>\n<!-- \/ Yoast SEO plugin. -->","yoast_head_json":{"title":"Aviso Legal y Condiciones de Uso - Trinity","description":"Conoce los t\u00e9rminos, condiciones y pol\u00edticas de uso del sitio web de Trinity. Informaci\u00f3n sobre responsabilidades y derechos en trinitycreationsbarcelona.com.","robots":{"index":"index","follow":"follow","max-snippet":"max-snippet:-1","max-image-preview":"max-image-preview:large","max-video-preview":"max-video-preview:-1"},"canonical":"https:\/\/trinitycreationsbarcelona.com\/en\/aviso-legal\/","og_locale":"en_US","og_type":"article","og_title":"Aviso Legal y Condiciones de Uso - Trinity","og_description":"Conoce los t\u00e9rminos, condiciones y pol\u00edticas de uso del sitio web de Trinity. Informaci\u00f3n sobre responsabilidades y derechos en trinitycreationsbarcelona.com.","og_url":"https:\/\/trinitycreationsbarcelona.com\/en\/aviso-legal\/","og_site_name":"TrinityCreationsBarcelona","article_modified_time":"2025-12-19T16:16:26+00:00","twitter_card":"summary_large_image","schema":{"@context":"https:\/\/schema.org","@graph":[{"@type":"WebPage","@id":"https:\/\/trinitycreationsbarcelona.com\/en\/aviso-legal\/","url":"https:\/\/trinitycreationsbarcelona.com\/en\/aviso-legal\/","name":"Aviso Legal y Condiciones de Uso - Trinity","isPartOf":{"@id":"https:\/\/trinitycreationsbarcelona.com\/en\/#website"},"datePublished":"2025-05-17T18:29:49+00:00","dateModified":"2025-12-19T16:16:26+00:00","description":"Conoce los t\u00e9rminos, condiciones y pol\u00edticas de uso del sitio web de Trinity. Informaci\u00f3n sobre responsabilidades y derechos en trinitycreationsbarcelona.com.","breadcrumb":{"@id":"https:\/\/trinitycreationsbarcelona.com\/en\/aviso-legal\/#breadcrumb"},"inLanguage":"en-US","potentialAction":[{"@type":"ReadAction","target":["https:\/\/trinitycreationsbarcelona.com\/en\/aviso-legal\/"]}]},{"@type":"BreadcrumbList","@id":"https:\/\/trinitycreationsbarcelona.com\/en\/aviso-legal\/#breadcrumb","itemListElement":[{"@type":"ListItem","position":1,"name":"Portada","item":"https:\/\/trinitycreationsbarcelona.com\/en\/"},{"@type":"ListItem","position":2,"name":"Legal notice"}]},{"@type":"WebSite","@id":"https:\/\/trinitycreationsbarcelona.com\/en\/#website","url":"https:\/\/trinitycreationsbarcelona.com\/en\/","name":"TrinityCreationsBarcelona","description":"The Leather Alquimist","publisher":{"@id":"https:\/\/trinitycreationsbarcelona.com\/en\/#organization"},"potentialAction":[{"@type":"SearchAction","target":{"@type":"EntryPoint","urlTemplate":"https:\/\/trinitycreationsbarcelona.com\/en\/?s={search_term_string}"},"query-input":{"@type":"PropertyValueSpecification","valueRequired":true,"valueName":"search_term_string"}}],"inLanguage":"en-US"},{"@type":"Organization","@id":"https:\/\/trinitycreationsbarcelona.com\/en\/#organization","name":"TrinityCreationsBarcelona","url":"https:\/\/trinitycreationsbarcelona.com\/en\/","logo":{"@type":"ImageObject","inLanguage":"en-US","@id":"https:\/\/trinitycreationsbarcelona.com\/en\/#\/schema\/logo\/image\/","url":"https:\/\/trinitycreationsbarcelona.com\/wp-content\/uploads\/2025\/05\/Leonardo_Phoenix_09_Disear_un_logotipo_para_la_empresa_de_arte_0.jpg","contentUrl":"https:\/\/trinitycreationsbarcelona.com\/wp-content\/uploads\/2025\/05\/Leonardo_Phoenix_09_Disear_un_logotipo_para_la_empresa_de_arte_0.jpg","width":768,"height":768,"caption":"TrinityCreationsBarcelona"},"image":{"@id":"https:\/\/trinitycreationsbarcelona.com\/en\/#\/schema\/logo\/image\/"}}]}},"_links":{"self":[{"href":"https:\/\/trinitycreationsbarcelona.com\/en\/wp-json\/wp\/v2\/pages\/717","targetHints":{"allow":["GET"]}}],"collection":[{"href":"https:\/\/trinitycreationsbarcelona.com\/en\/wp-json\/wp\/v2\/pages"}],"about":[{"href":"https:\/\/trinitycreationsbarcelona.com\/en\/wp-json\/wp\/v2\/types\/page"}],"replies":[{"embeddable":true,"href":"https:\/\/trinitycreationsbarcelona.com\/en\/wp-json\/wp\/v2\/comments?post=717"}],"version-history":[{"count":8,"href":"https:\/\/trinitycreationsbarcelona.com\/en\/wp-json\/wp\/v2\/pages\/717\/revisions"}],"predecessor-version":[{"id":2663,"href":"https:\/\/trinitycreationsbarcelona.com\/en\/wp-json\/wp\/v2\/pages\/717\/revisions\/2663"}],"wp:attachment":[{"href":"https:\/\/trinitycreationsbarcelona.com\/en\/wp-json\/wp\/v2\/media?parent=717"}],"curies":[{"name":"wp","href":"https:\/\/api.w.org\/{rel}","templated":true}]}}