{"id":694,"date":"2025-05-17T18:33:47","date_gmt":"2025-05-17T18:33:47","guid":{"rendered":"https:\/\/trinitycreationsbarcelona.com\/producto\/bolsos-de-cuero-trinity-elegancia-y-estilo\/"},"modified":"2025-12-16T12:49:03","modified_gmt":"2025-12-16T12:49:03","slug":"trinity-leather-bags-elegance-and-style","status":"publish","type":"product","link":"https:\/\/trinitycreationsbarcelona.com\/en\/producto\/trinity-leather-bags-elegance-and-style\/","title":{"rendered":"Trinity Leather Bags: Elegance and Style"},"content":{"rendered":"","protected":false},"excerpt":{"rendered":"","protected":false},"featured_media":393,"comment_status":"open","ping_status":"closed","template":"","meta":{"_acf_changed":false,"iawp_total_views":0},"marca":[51,50],"product_brand":[],"product_cat":[96,97],"product_tag":[103,99,105],"class_list":{"0":"post-694","1":"product","2":"type-product","3":"status-publish","4":"has-post-thumbnail","6":"marca-cueroarte","7":"marca-trinity","8":"product_cat-bags","9":"product_cat-belts","10":"product_tag-artesania-en","11":"product_tag-bolsos-en","12":"product_tag-marroquineria-en","14":"first","15":"instock","16":"sale","17":"shipping-taxable","18":"purchasable","19":"product-type-simple"},"acf":[],"yoast_head":"<!-- This site is optimized with the Yoast SEO plugin v27.4 - https:\/\/yoast.com\/product\/yoast-seo-wordpress\/ -->\n<title>Bolsos de cuero Trinity: Elegancia y estilo<\/title>\n<meta name=\"description\" content=\"Descubre la sofisticaci\u00f3n de los bolsos de cuero Trinity. Artesan\u00eda \u00fanica y dise\u00f1o exclusivo al mejor precio. Env\u00edo gratis y 100 d\u00edas de devoluci\u00f3n.\" \/>\n<meta name=\"robots\" content=\"index, follow, max-snippet:-1, max-image-preview:large, max-video-preview:-1\" \/>\n<link rel=\"canonical\" href=\"https:\/\/trinitycreationsbarcelona.com\/en\/producto\/trinity-leather-bags-elegance-and-style\/\" \/>\n<meta property=\"og:locale\" content=\"en_US\" \/>\n<meta property=\"og:type\" content=\"article\" \/>\n<meta property=\"og:title\" content=\"Bolsos de cuero Trinity: Elegancia y estilo\" \/>\n<meta property=\"og:description\" content=\"Descubre la sofisticaci\u00f3n de los bolsos de cuero Trinity. Artesan\u00eda \u00fanica y dise\u00f1o exclusivo al mejor precio. Env\u00edo gratis y 100 d\u00edas de devoluci\u00f3n.\" \/>\n<meta property=\"og:url\" content=\"https:\/\/trinitycreationsbarcelona.com\/en\/producto\/trinity-leather-bags-elegance-and-style\/\" \/>\n<meta property=\"og:site_name\" content=\"TrinityCreationsBarcelona\" \/>\n<meta property=\"article:modified_time\" content=\"2025-12-16T12:49:03+00:00\" \/>\n<meta property=\"og:image\" content=\"https:\/\/trinitycreationsbarcelona.com\/wp-content\/uploads\/2025\/05\/Leonardo_Vision_XL_Disear_una_imagen_que_muestre_un_bolso_de_c_0.jpg\" \/>\n\t<meta property=\"og:image:width\" content=\"1792\" \/>\n\t<meta property=\"og:image:height\" content=\"1456\" \/>\n\t<meta property=\"og:image:type\" content=\"image\/jpeg\" \/>\n<meta name=\"twitter:card\" content=\"summary_large_image\" \/>\n<!-- \/ Yoast SEO plugin. -->","yoast_head_json":{"title":"Bolsos de cuero Trinity: Elegancia y estilo","description":"Descubre la sofisticaci\u00f3n de los bolsos de cuero Trinity. Artesan\u00eda \u00fanica y dise\u00f1o exclusivo al mejor precio. Env\u00edo gratis y 100 d\u00edas de devoluci\u00f3n.","robots":{"index":"index","follow":"follow","max-snippet":"max-snippet:-1","max-image-preview":"max-image-preview:large","max-video-preview":"max-video-preview:-1"},"canonical":"https:\/\/trinitycreationsbarcelona.com\/en\/producto\/trinity-leather-bags-elegance-and-style\/","og_locale":"en_US","og_type":"article","og_title":"Bolsos de cuero Trinity: Elegancia y estilo","og_description":"Descubre la sofisticaci\u00f3n de los bolsos de cuero Trinity. Artesan\u00eda \u00fanica y dise\u00f1o exclusivo al mejor precio. Env\u00edo gratis y 100 d\u00edas de devoluci\u00f3n.","og_url":"https:\/\/trinitycreationsbarcelona.com\/en\/producto\/trinity-leather-bags-elegance-and-style\/","og_site_name":"TrinityCreationsBarcelona","article_modified_time":"2025-12-16T12:49:03+00:00","og_image":[{"width":1792,"height":1456,"url":"https:\/\/trinitycreationsbarcelona.com\/wp-content\/uploads\/2025\/05\/Leonardo_Vision_XL_Disear_una_imagen_que_muestre_un_bolso_de_c_0.jpg","type":"image\/jpeg"}],"twitter_card":"summary_large_image","schema":{"@context":"https:\/\/schema.org","@graph":[{"@type":"WebPage","@id":"https:\/\/trinitycreationsbarcelona.com\/en\/producto\/trinity-leather-bags-elegance-and-style\/","url":"https:\/\/trinitycreationsbarcelona.com\/en\/producto\/trinity-leather-bags-elegance-and-style\/","name":"Bolsos de cuero Trinity: Elegancia y estilo","isPartOf":{"@id":"https:\/\/trinitycreationsbarcelona.com\/en\/#website"},"primaryImageOfPage":{"@id":"https:\/\/trinitycreationsbarcelona.com\/en\/producto\/trinity-leather-bags-elegance-and-style\/#primaryimage"},"image":{"@id":"https:\/\/trinitycreationsbarcelona.com\/en\/producto\/trinity-leather-bags-elegance-and-style\/#primaryimage"},"thumbnailUrl":"https:\/\/trinitycreationsbarcelona.com\/wp-content\/uploads\/2025\/05\/Leonardo_Vision_XL_Disear_una_imagen_que_muestre_un_bolso_de_c_0.jpg","datePublished":"2025-05-17T18:33:47+00:00","dateModified":"2025-12-16T12:49:03+00:00","description":"Descubre la sofisticaci\u00f3n de los bolsos de cuero Trinity. Artesan\u00eda \u00fanica y dise\u00f1o exclusivo al mejor precio. Env\u00edo gratis y 100 d\u00edas de devoluci\u00f3n.","breadcrumb":{"@id":"https:\/\/trinitycreationsbarcelona.com\/en\/producto\/trinity-leather-bags-elegance-and-style\/#breadcrumb"},"inLanguage":"en-US","potentialAction":[{"@type":"ReadAction","target":["https:\/\/trinitycreationsbarcelona.com\/en\/producto\/trinity-leather-bags-elegance-and-style\/"]}]},{"@type":"ImageObject","inLanguage":"en-US","@id":"https:\/\/trinitycreationsbarcelona.com\/en\/producto\/trinity-leather-bags-elegance-and-style\/#primaryimage","url":"https:\/\/trinitycreationsbarcelona.com\/wp-content\/uploads\/2025\/05\/Leonardo_Vision_XL_Disear_una_imagen_que_muestre_un_bolso_de_c_0.jpg","contentUrl":"https:\/\/trinitycreationsbarcelona.com\/wp-content\/uploads\/2025\/05\/Leonardo_Vision_XL_Disear_una_imagen_que_muestre_un_bolso_de_c_0.jpg","width":1792,"height":1456},{"@type":"BreadcrumbList","@id":"https:\/\/trinitycreationsbarcelona.com\/en\/producto\/trinity-leather-bags-elegance-and-style\/#breadcrumb","itemListElement":[{"@type":"ListItem","position":1,"name":"Portada","item":"https:\/\/trinitycreationsbarcelona.com\/en\/"},{"@type":"ListItem","position":2,"name":"Store","item":"https:\/\/trinitycreationsbarcelona.com\/en\/store\/"},{"@type":"ListItem","position":3,"name":"Trinity Leather Bags: Elegance and Style"}]},{"@type":"WebSite","@id":"https:\/\/trinitycreationsbarcelona.com\/en\/#website","url":"https:\/\/trinitycreationsbarcelona.com\/en\/","name":"TrinityCreationsBarcelona","description":"The Leather Alquimist","publisher":{"@id":"https:\/\/trinitycreationsbarcelona.com\/en\/#organization"},"potentialAction":[{"@type":"SearchAction","target":{"@type":"EntryPoint","urlTemplate":"https:\/\/trinitycreationsbarcelona.com\/en\/?s={search_term_string}"},"query-input":{"@type":"PropertyValueSpecification","valueRequired":true,"valueName":"search_term_string"}}],"inLanguage":"en-US"},{"@type":"Organization","@id":"https:\/\/trinitycreationsbarcelona.com\/en\/#organization","name":"TrinityCreationsBarcelona","url":"https:\/\/trinitycreationsbarcelona.com\/en\/","logo":{"@type":"ImageObject","inLanguage":"en-US","@id":"https:\/\/trinitycreationsbarcelona.com\/en\/#\/schema\/logo\/image\/","url":"https:\/\/trinitycreationsbarcelona.com\/wp-content\/uploads\/2025\/05\/Leonardo_Phoenix_09_Disear_un_logotipo_para_la_empresa_de_arte_0.jpg","contentUrl":"https:\/\/trinitycreationsbarcelona.com\/wp-content\/uploads\/2025\/05\/Leonardo_Phoenix_09_Disear_un_logotipo_para_la_empresa_de_arte_0.jpg","width":768,"height":768,"caption":"TrinityCreationsBarcelona"},"image":{"@id":"https:\/\/trinitycreationsbarcelona.com\/en\/#\/schema\/logo\/image\/"}}]}},"_links":{"self":[{"href":"https:\/\/trinitycreationsbarcelona.com\/en\/wp-json\/wp\/v2\/product\/694","targetHints":{"allow":["GET"]}}],"collection":[{"href":"https:\/\/trinitycreationsbarcelona.com\/en\/wp-json\/wp\/v2\/product"}],"about":[{"href":"https:\/\/trinitycreationsbarcelona.com\/en\/wp-json\/wp\/v2\/types\/product"}],"replies":[{"embeddable":true,"href":"https:\/\/trinitycreationsbarcelona.com\/en\/wp-json\/wp\/v2\/comments?post=694"}],"wp:featuredmedia":[{"embeddable":true,"href":"https:\/\/trinitycreationsbarcelona.com\/en\/wp-json\/wp\/v2\/media\/393"}],"wp:attachment":[{"href":"https:\/\/trinitycreationsbarcelona.com\/en\/wp-json\/wp\/v2\/media?parent=694"}],"wp:term":[{"taxonomy":"marca","embeddable":true,"href":"https:\/\/trinitycreationsbarcelona.com\/en\/wp-json\/wp\/v2\/marca?post=694"},{"taxonomy":"product_brand","embeddable":true,"href":"https:\/\/trinitycreationsbarcelona.com\/en\/wp-json\/wp\/v2\/product_brand?post=694"},{"taxonomy":"product_cat","embeddable":true,"href":"https:\/\/trinitycreationsbarcelona.com\/en\/wp-json\/wp\/v2\/product_cat?post=694"},{"taxonomy":"product_tag","embeddable":true,"href":"https:\/\/trinitycreationsbarcelona.com\/en\/wp-json\/wp\/v2\/product_tag?post=694"}],"curies":[{"name":"wp","href":"https:\/\/api.w.org\/{rel}","templated":true}]}}