{"id":699,"date":"2025-05-17T18:47:30","date_gmt":"2025-05-17T18:47:30","guid":{"rendered":"https:\/\/trinitycreationsbarcelona.com\/producto\/bolso-de-mano-de-cuero-artesanal\/"},"modified":"2025-12-16T12:46:20","modified_gmt":"2025-12-16T12:46:20","slug":"borsa-a-mano-in-pelle-artigianale","status":"publish","type":"product","link":"https:\/\/trinitycreationsbarcelona.com\/it\/producto\/borsa-a-mano-in-pelle-artigianale\/","title":{"rendered":"Borsa a Mano in Pelle Artigianale"},"content":{"rendered":"","protected":false},"excerpt":{"rendered":"","protected":false},"featured_media":601,"comment_status":"open","ping_status":"closed","template":"","meta":{"_acf_changed":false,"iawp_total_views":5},"marca":[84,50],"product_brand":[],"product_cat":[126,127],"product_tag":[141,135,140],"class_list":{"0":"post-699","1":"product","2":"type-product","3":"status-publish","4":"has-post-thumbnail","6":"marca-artesania","7":"marca-trinity","8":"product_cat-bolsos-it","9":"product_cat-cinturones-it","10":"product_tag-hecho-a-mano-it","11":"product_tag-marroquineria-it","12":"product_tag-vera-pelle","14":"first","15":"instock","16":"sale","17":"shipping-taxable","18":"purchasable","19":"product-type-simple"},"acf":[],"yoast_head":"<!-- This site is optimized with the Yoast SEO plugin v27.4 - https:\/\/yoast.com\/product\/yoast-seo-wordpress\/ -->\n<title>Bolso de Mano de Cuero Artesanal | Trinity<\/title>\n<meta name=\"description\" content=\"Descubre el bolso de cuero artesanal perfecto para el d\u00eda a d\u00eda en Trinity. Con env\u00edo gratis y 100 d\u00edas de devoluci\u00f3n. Aprovecha el precio especial: 69,75 \u20ac.\" \/>\n<meta name=\"robots\" content=\"index, follow, max-snippet:-1, max-image-preview:large, max-video-preview:-1\" \/>\n<link rel=\"canonical\" href=\"https:\/\/trinitycreationsbarcelona.com\/it\/producto\/borsa-a-mano-in-pelle-artigianale\/\" \/>\n<meta property=\"og:locale\" content=\"it_IT\" \/>\n<meta property=\"og:type\" content=\"article\" \/>\n<meta property=\"og:title\" content=\"Bolso de Mano de Cuero Artesanal | Trinity\" \/>\n<meta property=\"og:description\" content=\"Descubre el bolso de cuero artesanal perfecto para el d\u00eda a d\u00eda en Trinity. Con env\u00edo gratis y 100 d\u00edas de devoluci\u00f3n. Aprovecha el precio especial: 69,75 \u20ac.\" \/>\n<meta property=\"og:url\" content=\"https:\/\/trinitycreationsbarcelona.com\/it\/producto\/borsa-a-mano-in-pelle-artigianale\/\" \/>\n<meta property=\"og:site_name\" content=\"TrinityCreationsBarcelona\" \/>\n<meta property=\"article:modified_time\" content=\"2025-12-16T12:46:20+00:00\" \/>\n<meta property=\"og:image\" content=\"https:\/\/trinitycreationsbarcelona.com\/wp-content\/uploads\/2025\/05\/Leonardo_Vision_XL_Imagen_de_un_bolso_de_mano_de_cuero_artesan_0.jpg\" \/>\n\t<meta property=\"og:image:width\" content=\"1792\" \/>\n\t<meta property=\"og:image:height\" content=\"1456\" \/>\n\t<meta property=\"og:image:type\" content=\"image\/jpeg\" \/>\n<meta name=\"twitter:card\" content=\"summary_large_image\" \/>\n<!-- \/ Yoast SEO plugin. -->","yoast_head_json":{"title":"Bolso de Mano de Cuero Artesanal | Trinity","description":"Descubre el bolso de cuero artesanal perfecto para el d\u00eda a d\u00eda en Trinity. Con env\u00edo gratis y 100 d\u00edas de devoluci\u00f3n. Aprovecha el precio especial: 69,75 \u20ac.","robots":{"index":"index","follow":"follow","max-snippet":"max-snippet:-1","max-image-preview":"max-image-preview:large","max-video-preview":"max-video-preview:-1"},"canonical":"https:\/\/trinitycreationsbarcelona.com\/it\/producto\/borsa-a-mano-in-pelle-artigianale\/","og_locale":"it_IT","og_type":"article","og_title":"Bolso de Mano de Cuero Artesanal | Trinity","og_description":"Descubre el bolso de cuero artesanal perfecto para el d\u00eda a d\u00eda en Trinity. Con env\u00edo gratis y 100 d\u00edas de devoluci\u00f3n. Aprovecha el precio especial: 69,75 \u20ac.","og_url":"https:\/\/trinitycreationsbarcelona.com\/it\/producto\/borsa-a-mano-in-pelle-artigianale\/","og_site_name":"TrinityCreationsBarcelona","article_modified_time":"2025-12-16T12:46:20+00:00","og_image":[{"width":1792,"height":1456,"url":"https:\/\/trinitycreationsbarcelona.com\/wp-content\/uploads\/2025\/05\/Leonardo_Vision_XL_Imagen_de_un_bolso_de_mano_de_cuero_artesan_0.jpg","type":"image\/jpeg"}],"twitter_card":"summary_large_image","schema":{"@context":"https:\/\/schema.org","@graph":[{"@type":"WebPage","@id":"https:\/\/trinitycreationsbarcelona.com\/it\/producto\/borsa-a-mano-in-pelle-artigianale\/","url":"https:\/\/trinitycreationsbarcelona.com\/it\/producto\/borsa-a-mano-in-pelle-artigianale\/","name":"Bolso de Mano de Cuero Artesanal | Trinity","isPartOf":{"@id":"https:\/\/trinitycreationsbarcelona.com\/it\/#website"},"primaryImageOfPage":{"@id":"https:\/\/trinitycreationsbarcelona.com\/it\/producto\/borsa-a-mano-in-pelle-artigianale\/#primaryimage"},"image":{"@id":"https:\/\/trinitycreationsbarcelona.com\/it\/producto\/borsa-a-mano-in-pelle-artigianale\/#primaryimage"},"thumbnailUrl":"https:\/\/trinitycreationsbarcelona.com\/wp-content\/uploads\/2025\/05\/Leonardo_Vision_XL_Imagen_de_un_bolso_de_mano_de_cuero_artesan_0.jpg","datePublished":"2025-05-17T18:47:30+00:00","dateModified":"2025-12-16T12:46:20+00:00","description":"Descubre el bolso de cuero artesanal perfecto para el d\u00eda a d\u00eda en Trinity. Con env\u00edo gratis y 100 d\u00edas de devoluci\u00f3n. Aprovecha el precio especial: 69,75 \u20ac.","breadcrumb":{"@id":"https:\/\/trinitycreationsbarcelona.com\/it\/producto\/borsa-a-mano-in-pelle-artigianale\/#breadcrumb"},"inLanguage":"it-IT","potentialAction":[{"@type":"ReadAction","target":["https:\/\/trinitycreationsbarcelona.com\/it\/producto\/borsa-a-mano-in-pelle-artigianale\/"]}]},{"@type":"ImageObject","inLanguage":"it-IT","@id":"https:\/\/trinitycreationsbarcelona.com\/it\/producto\/borsa-a-mano-in-pelle-artigianale\/#primaryimage","url":"https:\/\/trinitycreationsbarcelona.com\/wp-content\/uploads\/2025\/05\/Leonardo_Vision_XL_Imagen_de_un_bolso_de_mano_de_cuero_artesan_0.jpg","contentUrl":"https:\/\/trinitycreationsbarcelona.com\/wp-content\/uploads\/2025\/05\/Leonardo_Vision_XL_Imagen_de_un_bolso_de_mano_de_cuero_artesan_0.jpg","width":1792,"height":1456},{"@type":"BreadcrumbList","@id":"https:\/\/trinitycreationsbarcelona.com\/it\/producto\/borsa-a-mano-in-pelle-artigianale\/#breadcrumb","itemListElement":[{"@type":"ListItem","position":1,"name":"Portada","item":"https:\/\/trinitycreationsbarcelona.com\/it\/"},{"@type":"ListItem","position":2,"name":"Negozio","item":"https:\/\/trinitycreationsbarcelona.com\/it\/negozio\/"},{"@type":"ListItem","position":3,"name":"Borsa a Mano in Pelle Artigianale"}]},{"@type":"WebSite","@id":"https:\/\/trinitycreationsbarcelona.com\/it\/#website","url":"https:\/\/trinitycreationsbarcelona.com\/it\/","name":"TrinityCreationsBarcelona","description":"The Leather Alquimist","publisher":{"@id":"https:\/\/trinitycreationsbarcelona.com\/it\/#organization"},"potentialAction":[{"@type":"SearchAction","target":{"@type":"EntryPoint","urlTemplate":"https:\/\/trinitycreationsbarcelona.com\/it\/?s={search_term_string}"},"query-input":{"@type":"PropertyValueSpecification","valueRequired":true,"valueName":"search_term_string"}}],"inLanguage":"it-IT"},{"@type":"Organization","@id":"https:\/\/trinitycreationsbarcelona.com\/it\/#organization","name":"TrinityCreationsBarcelona","url":"https:\/\/trinitycreationsbarcelona.com\/it\/","logo":{"@type":"ImageObject","inLanguage":"it-IT","@id":"https:\/\/trinitycreationsbarcelona.com\/it\/#\/schema\/logo\/image\/","url":"https:\/\/trinitycreationsbarcelona.com\/wp-content\/uploads\/2025\/05\/Leonardo_Phoenix_09_Disear_un_logotipo_para_la_empresa_de_arte_0.jpg","contentUrl":"https:\/\/trinitycreationsbarcelona.com\/wp-content\/uploads\/2025\/05\/Leonardo_Phoenix_09_Disear_un_logotipo_para_la_empresa_de_arte_0.jpg","width":768,"height":768,"caption":"TrinityCreationsBarcelona"},"image":{"@id":"https:\/\/trinitycreationsbarcelona.com\/it\/#\/schema\/logo\/image\/"}}]}},"_links":{"self":[{"href":"https:\/\/trinitycreationsbarcelona.com\/it\/wp-json\/wp\/v2\/product\/699","targetHints":{"allow":["GET"]}}],"collection":[{"href":"https:\/\/trinitycreationsbarcelona.com\/it\/wp-json\/wp\/v2\/product"}],"about":[{"href":"https:\/\/trinitycreationsbarcelona.com\/it\/wp-json\/wp\/v2\/types\/product"}],"replies":[{"embeddable":true,"href":"https:\/\/trinitycreationsbarcelona.com\/it\/wp-json\/wp\/v2\/comments?post=699"}],"wp:featuredmedia":[{"embeddable":true,"href":"https:\/\/trinitycreationsbarcelona.com\/it\/wp-json\/wp\/v2\/media\/601"}],"wp:attachment":[{"href":"https:\/\/trinitycreationsbarcelona.com\/it\/wp-json\/wp\/v2\/media?parent=699"}],"wp:term":[{"taxonomy":"marca","embeddable":true,"href":"https:\/\/trinitycreationsbarcelona.com\/it\/wp-json\/wp\/v2\/marca?post=699"},{"taxonomy":"product_brand","embeddable":true,"href":"https:\/\/trinitycreationsbarcelona.com\/it\/wp-json\/wp\/v2\/product_brand?post=699"},{"taxonomy":"product_cat","embeddable":true,"href":"https:\/\/trinitycreationsbarcelona.com\/it\/wp-json\/wp\/v2\/product_cat?post=699"},{"taxonomy":"product_tag","embeddable":true,"href":"https:\/\/trinitycreationsbarcelona.com\/it\/wp-json\/wp\/v2\/product_tag?post=699"}],"curies":[{"name":"wp","href":"https:\/\/api.w.org\/{rel}","templated":true}]}}