{"id":710,"date":"2025-05-17T18:37:41","date_gmt":"2025-05-17T18:37:41","guid":{"rendered":"https:\/\/trinitycreationsbarcelona.com\/producto\/faja-de-cuero-marron-curso-de-tutu\/"},"modified":"2025-12-16T12:49:48","modified_gmt":"2025-12-16T12:49:48","slug":"cintura-di-cuoio-marrone-corso-di-tutu","status":"publish","type":"product","link":"https:\/\/trinitycreationsbarcelona.com\/it\/producto\/cintura-di-cuoio-marrone-corso-di-tutu\/","title":{"rendered":"Cintura di Cuoio Marrone &amp; Corso di Tut\u00f9"},"content":{"rendered":"","protected":false},"excerpt":{"rendered":"","protected":false},"featured_media":458,"comment_status":"open","ping_status":"closed","template":"","meta":{"_acf_changed":false,"iawp_total_views":0},"marca":[66,55],"product_brand":[],"product_cat":[132],"product_tag":[153,151],"class_list":{"0":"post-710","1":"product","2":"type-product","3":"status-publish","4":"has-post-thumbnail","6":"marca-artesania-trinity","7":"marca-trinity-cuero","8":"product_cat-tutu-it","9":"product_tag-fajas-de-cuero-it","10":"product_tag-pelle-lavorata-a-mano","12":"first","13":"instock","14":"sale","15":"shipping-taxable","16":"purchasable","17":"product-type-simple"},"acf":[],"yoast_head":"<!-- This site is optimized with the Yoast SEO plugin v27.4 - https:\/\/yoast.com\/product\/yoast-seo-wordpress\/ -->\n<title>Faja de Cuero Marr\u00f3n &amp; Curso de Tut\u00fa | Trinity<\/title>\n<meta name=\"description\" content=\"Descubre la elegante Faja de Cuero Marr\u00f3n de Trinity, con curso de tut\u00fa incluido. Precio especial: 139,13\u20ac. Env\u00edo gratis y devoluciones.\" \/>\n<meta name=\"robots\" content=\"index, follow, max-snippet:-1, max-image-preview:large, max-video-preview:-1\" \/>\n<link rel=\"canonical\" href=\"https:\/\/trinitycreationsbarcelona.com\/it\/producto\/cintura-di-cuoio-marrone-corso-di-tutu\/\" \/>\n<meta property=\"og:locale\" content=\"it_IT\" \/>\n<meta property=\"og:type\" content=\"article\" \/>\n<meta property=\"og:title\" content=\"Faja de Cuero Marr\u00f3n &amp; Curso de Tut\u00fa | Trinity\" \/>\n<meta property=\"og:description\" content=\"Descubre la elegante Faja de Cuero Marr\u00f3n de Trinity, con curso de tut\u00fa incluido. Precio especial: 139,13\u20ac. Env\u00edo gratis y devoluciones.\" \/>\n<meta property=\"og:url\" content=\"https:\/\/trinitycreationsbarcelona.com\/it\/producto\/cintura-di-cuoio-marrone-corso-di-tutu\/\" \/>\n<meta property=\"og:site_name\" content=\"TrinityCreationsBarcelona\" \/>\n<meta property=\"article:modified_time\" content=\"2025-12-16T12:49:48+00:00\" \/>\n<meta property=\"og:image\" content=\"https:\/\/trinitycreationsbarcelona.com\/wp-content\/uploads\/2025\/05\/Leonardo_Vision_XL_Un_espacio_luminoso_con_una_faja_de_cuero_m_0.jpg\" \/>\n\t<meta property=\"og:image:width\" content=\"1792\" \/>\n\t<meta property=\"og:image:height\" content=\"1456\" \/>\n\t<meta property=\"og:image:type\" content=\"image\/jpeg\" \/>\n<meta name=\"twitter:card\" content=\"summary_large_image\" \/>\n<!-- \/ Yoast SEO plugin. -->","yoast_head_json":{"title":"Faja de Cuero Marr\u00f3n & Curso de Tut\u00fa | Trinity","description":"Descubre la elegante Faja de Cuero Marr\u00f3n de Trinity, con curso de tut\u00fa incluido. Precio especial: 139,13\u20ac. Env\u00edo gratis y devoluciones.","robots":{"index":"index","follow":"follow","max-snippet":"max-snippet:-1","max-image-preview":"max-image-preview:large","max-video-preview":"max-video-preview:-1"},"canonical":"https:\/\/trinitycreationsbarcelona.com\/it\/producto\/cintura-di-cuoio-marrone-corso-di-tutu\/","og_locale":"it_IT","og_type":"article","og_title":"Faja de Cuero Marr\u00f3n & Curso de Tut\u00fa | Trinity","og_description":"Descubre la elegante Faja de Cuero Marr\u00f3n de Trinity, con curso de tut\u00fa incluido. Precio especial: 139,13\u20ac. Env\u00edo gratis y devoluciones.","og_url":"https:\/\/trinitycreationsbarcelona.com\/it\/producto\/cintura-di-cuoio-marrone-corso-di-tutu\/","og_site_name":"TrinityCreationsBarcelona","article_modified_time":"2025-12-16T12:49:48+00:00","og_image":[{"width":1792,"height":1456,"url":"https:\/\/trinitycreationsbarcelona.com\/wp-content\/uploads\/2025\/05\/Leonardo_Vision_XL_Un_espacio_luminoso_con_una_faja_de_cuero_m_0.jpg","type":"image\/jpeg"}],"twitter_card":"summary_large_image","schema":{"@context":"https:\/\/schema.org","@graph":[{"@type":"WebPage","@id":"https:\/\/trinitycreationsbarcelona.com\/it\/producto\/cintura-di-cuoio-marrone-corso-di-tutu\/","url":"https:\/\/trinitycreationsbarcelona.com\/it\/producto\/cintura-di-cuoio-marrone-corso-di-tutu\/","name":"Faja de Cuero Marr\u00f3n & Curso de Tut\u00fa | Trinity","isPartOf":{"@id":"https:\/\/trinitycreationsbarcelona.com\/it\/#website"},"primaryImageOfPage":{"@id":"https:\/\/trinitycreationsbarcelona.com\/it\/producto\/cintura-di-cuoio-marrone-corso-di-tutu\/#primaryimage"},"image":{"@id":"https:\/\/trinitycreationsbarcelona.com\/it\/producto\/cintura-di-cuoio-marrone-corso-di-tutu\/#primaryimage"},"thumbnailUrl":"https:\/\/trinitycreationsbarcelona.com\/wp-content\/uploads\/2025\/05\/Leonardo_Vision_XL_Un_espacio_luminoso_con_una_faja_de_cuero_m_0.jpg","datePublished":"2025-05-17T18:37:41+00:00","dateModified":"2025-12-16T12:49:48+00:00","description":"Descubre la elegante Faja de Cuero Marr\u00f3n de Trinity, con curso de tut\u00fa incluido. Precio especial: 139,13\u20ac. Env\u00edo gratis y devoluciones.","breadcrumb":{"@id":"https:\/\/trinitycreationsbarcelona.com\/it\/producto\/cintura-di-cuoio-marrone-corso-di-tutu\/#breadcrumb"},"inLanguage":"it-IT","potentialAction":[{"@type":"ReadAction","target":["https:\/\/trinitycreationsbarcelona.com\/it\/producto\/cintura-di-cuoio-marrone-corso-di-tutu\/"]}]},{"@type":"ImageObject","inLanguage":"it-IT","@id":"https:\/\/trinitycreationsbarcelona.com\/it\/producto\/cintura-di-cuoio-marrone-corso-di-tutu\/#primaryimage","url":"https:\/\/trinitycreationsbarcelona.com\/wp-content\/uploads\/2025\/05\/Leonardo_Vision_XL_Un_espacio_luminoso_con_una_faja_de_cuero_m_0.jpg","contentUrl":"https:\/\/trinitycreationsbarcelona.com\/wp-content\/uploads\/2025\/05\/Leonardo_Vision_XL_Un_espacio_luminoso_con_una_faja_de_cuero_m_0.jpg","width":1792,"height":1456},{"@type":"BreadcrumbList","@id":"https:\/\/trinitycreationsbarcelona.com\/it\/producto\/cintura-di-cuoio-marrone-corso-di-tutu\/#breadcrumb","itemListElement":[{"@type":"ListItem","position":1,"name":"Portada","item":"https:\/\/trinitycreationsbarcelona.com\/it\/"},{"@type":"ListItem","position":2,"name":"Negozio","item":"https:\/\/trinitycreationsbarcelona.com\/it\/negozio\/"},{"@type":"ListItem","position":3,"name":"Cintura di Cuoio Marrone &amp; Corso di Tut\u00f9"}]},{"@type":"WebSite","@id":"https:\/\/trinitycreationsbarcelona.com\/it\/#website","url":"https:\/\/trinitycreationsbarcelona.com\/it\/","name":"TrinityCreationsBarcelona","description":"The Leather Alquimist","publisher":{"@id":"https:\/\/trinitycreationsbarcelona.com\/it\/#organization"},"potentialAction":[{"@type":"SearchAction","target":{"@type":"EntryPoint","urlTemplate":"https:\/\/trinitycreationsbarcelona.com\/it\/?s={search_term_string}"},"query-input":{"@type":"PropertyValueSpecification","valueRequired":true,"valueName":"search_term_string"}}],"inLanguage":"it-IT"},{"@type":"Organization","@id":"https:\/\/trinitycreationsbarcelona.com\/it\/#organization","name":"TrinityCreationsBarcelona","url":"https:\/\/trinitycreationsbarcelona.com\/it\/","logo":{"@type":"ImageObject","inLanguage":"it-IT","@id":"https:\/\/trinitycreationsbarcelona.com\/it\/#\/schema\/logo\/image\/","url":"https:\/\/trinitycreationsbarcelona.com\/wp-content\/uploads\/2025\/05\/Leonardo_Phoenix_09_Disear_un_logotipo_para_la_empresa_de_arte_0.jpg","contentUrl":"https:\/\/trinitycreationsbarcelona.com\/wp-content\/uploads\/2025\/05\/Leonardo_Phoenix_09_Disear_un_logotipo_para_la_empresa_de_arte_0.jpg","width":768,"height":768,"caption":"TrinityCreationsBarcelona"},"image":{"@id":"https:\/\/trinitycreationsbarcelona.com\/it\/#\/schema\/logo\/image\/"}}]}},"_links":{"self":[{"href":"https:\/\/trinitycreationsbarcelona.com\/it\/wp-json\/wp\/v2\/product\/710","targetHints":{"allow":["GET"]}}],"collection":[{"href":"https:\/\/trinitycreationsbarcelona.com\/it\/wp-json\/wp\/v2\/product"}],"about":[{"href":"https:\/\/trinitycreationsbarcelona.com\/it\/wp-json\/wp\/v2\/types\/product"}],"replies":[{"embeddable":true,"href":"https:\/\/trinitycreationsbarcelona.com\/it\/wp-json\/wp\/v2\/comments?post=710"}],"wp:featuredmedia":[{"embeddable":true,"href":"https:\/\/trinitycreationsbarcelona.com\/it\/wp-json\/wp\/v2\/media\/458"}],"wp:attachment":[{"href":"https:\/\/trinitycreationsbarcelona.com\/it\/wp-json\/wp\/v2\/media?parent=710"}],"wp:term":[{"taxonomy":"marca","embeddable":true,"href":"https:\/\/trinitycreationsbarcelona.com\/it\/wp-json\/wp\/v2\/marca?post=710"},{"taxonomy":"product_brand","embeddable":true,"href":"https:\/\/trinitycreationsbarcelona.com\/it\/wp-json\/wp\/v2\/product_brand?post=710"},{"taxonomy":"product_cat","embeddable":true,"href":"https:\/\/trinitycreationsbarcelona.com\/it\/wp-json\/wp\/v2\/product_cat?post=710"},{"taxonomy":"product_tag","embeddable":true,"href":"https:\/\/trinitycreationsbarcelona.com\/it\/wp-json\/wp\/v2\/product_tag?post=710"}],"curies":[{"name":"wp","href":"https:\/\/api.w.org\/{rel}","templated":true}]}}