{"id":715,"date":"2025-05-17T18:33:47","date_gmt":"2025-05-17T18:33:47","guid":{"rendered":"https:\/\/trinitycreationsbarcelona.com\/producto\/bolsos-de-cuero-trinity-elegancia-y-estilo\/"},"modified":"2025-12-16T12:51:16","modified_gmt":"2025-12-16T12:51:16","slug":"borse-in-pelle-trinity-eleganza-e-stile","status":"publish","type":"product","link":"https:\/\/trinitycreationsbarcelona.com\/it\/producto\/borse-in-pelle-trinity-eleganza-e-stile\/","title":{"rendered":"Borse in pelle Trinity: Eleganza e Stile"},"content":{"rendered":"","protected":false},"excerpt":{"rendered":"","protected":false},"featured_media":393,"comment_status":"open","ping_status":"closed","template":"","meta":{"_acf_changed":false,"iawp_total_views":0},"marca":[51,50],"product_brand":[],"product_cat":[126,127],"product_tag":[135],"class_list":{"0":"post-715","1":"product","2":"type-product","3":"status-publish","4":"has-post-thumbnail","6":"marca-cueroarte","7":"marca-trinity","8":"product_cat-bolsos-it","9":"product_cat-cinturones-it","10":"product_tag-marroquineria-it","12":"first","13":"instock","14":"sale","15":"shipping-taxable","16":"purchasable","17":"product-type-simple"},"acf":[],"yoast_head":"<!-- This site is optimized with the Yoast SEO plugin v27.4 - https:\/\/yoast.com\/product\/yoast-seo-wordpress\/ -->\n<title>Bolsos de cuero Trinity: Elegancia y estilo<\/title>\n<meta name=\"description\" content=\"Descubre la sofisticaci\u00f3n de los bolsos de cuero Trinity. Artesan\u00eda \u00fanica y dise\u00f1o exclusivo al mejor precio. Env\u00edo gratis y 100 d\u00edas de devoluci\u00f3n.\" \/>\n<meta name=\"robots\" content=\"index, follow, max-snippet:-1, max-image-preview:large, max-video-preview:-1\" \/>\n<link rel=\"canonical\" href=\"https:\/\/trinitycreationsbarcelona.com\/it\/producto\/borse-in-pelle-trinity-eleganza-e-stile\/\" \/>\n<meta property=\"og:locale\" content=\"it_IT\" \/>\n<meta property=\"og:type\" content=\"article\" \/>\n<meta property=\"og:title\" content=\"Bolsos de cuero Trinity: Elegancia y estilo\" \/>\n<meta property=\"og:description\" content=\"Descubre la sofisticaci\u00f3n de los bolsos de cuero Trinity. Artesan\u00eda \u00fanica y dise\u00f1o exclusivo al mejor precio. Env\u00edo gratis y 100 d\u00edas de devoluci\u00f3n.\" \/>\n<meta property=\"og:url\" content=\"https:\/\/trinitycreationsbarcelona.com\/it\/producto\/borse-in-pelle-trinity-eleganza-e-stile\/\" \/>\n<meta property=\"og:site_name\" content=\"TrinityCreationsBarcelona\" \/>\n<meta property=\"article:modified_time\" content=\"2025-12-16T12:51:16+00:00\" \/>\n<meta property=\"og:image\" content=\"https:\/\/trinitycreationsbarcelona.com\/wp-content\/uploads\/2025\/05\/Leonardo_Vision_XL_Disear_una_imagen_que_muestre_un_bolso_de_c_0.jpg\" \/>\n\t<meta property=\"og:image:width\" content=\"1792\" \/>\n\t<meta property=\"og:image:height\" content=\"1456\" \/>\n\t<meta property=\"og:image:type\" content=\"image\/jpeg\" \/>\n<meta name=\"twitter:card\" content=\"summary_large_image\" \/>\n<!-- \/ Yoast SEO plugin. -->","yoast_head_json":{"title":"Bolsos de cuero Trinity: Elegancia y estilo","description":"Descubre la sofisticaci\u00f3n de los bolsos de cuero Trinity. Artesan\u00eda \u00fanica y dise\u00f1o exclusivo al mejor precio. Env\u00edo gratis y 100 d\u00edas de devoluci\u00f3n.","robots":{"index":"index","follow":"follow","max-snippet":"max-snippet:-1","max-image-preview":"max-image-preview:large","max-video-preview":"max-video-preview:-1"},"canonical":"https:\/\/trinitycreationsbarcelona.com\/it\/producto\/borse-in-pelle-trinity-eleganza-e-stile\/","og_locale":"it_IT","og_type":"article","og_title":"Bolsos de cuero Trinity: Elegancia y estilo","og_description":"Descubre la sofisticaci\u00f3n de los bolsos de cuero Trinity. Artesan\u00eda \u00fanica y dise\u00f1o exclusivo al mejor precio. Env\u00edo gratis y 100 d\u00edas de devoluci\u00f3n.","og_url":"https:\/\/trinitycreationsbarcelona.com\/it\/producto\/borse-in-pelle-trinity-eleganza-e-stile\/","og_site_name":"TrinityCreationsBarcelona","article_modified_time":"2025-12-16T12:51:16+00:00","og_image":[{"width":1792,"height":1456,"url":"https:\/\/trinitycreationsbarcelona.com\/wp-content\/uploads\/2025\/05\/Leonardo_Vision_XL_Disear_una_imagen_que_muestre_un_bolso_de_c_0.jpg","type":"image\/jpeg"}],"twitter_card":"summary_large_image","schema":{"@context":"https:\/\/schema.org","@graph":[{"@type":"WebPage","@id":"https:\/\/trinitycreationsbarcelona.com\/it\/producto\/borse-in-pelle-trinity-eleganza-e-stile\/","url":"https:\/\/trinitycreationsbarcelona.com\/it\/producto\/borse-in-pelle-trinity-eleganza-e-stile\/","name":"Bolsos de cuero Trinity: Elegancia y estilo","isPartOf":{"@id":"https:\/\/trinitycreationsbarcelona.com\/it\/#website"},"primaryImageOfPage":{"@id":"https:\/\/trinitycreationsbarcelona.com\/it\/producto\/borse-in-pelle-trinity-eleganza-e-stile\/#primaryimage"},"image":{"@id":"https:\/\/trinitycreationsbarcelona.com\/it\/producto\/borse-in-pelle-trinity-eleganza-e-stile\/#primaryimage"},"thumbnailUrl":"https:\/\/trinitycreationsbarcelona.com\/wp-content\/uploads\/2025\/05\/Leonardo_Vision_XL_Disear_una_imagen_que_muestre_un_bolso_de_c_0.jpg","datePublished":"2025-05-17T18:33:47+00:00","dateModified":"2025-12-16T12:51:16+00:00","description":"Descubre la sofisticaci\u00f3n de los bolsos de cuero Trinity. Artesan\u00eda \u00fanica y dise\u00f1o exclusivo al mejor precio. Env\u00edo gratis y 100 d\u00edas de devoluci\u00f3n.","breadcrumb":{"@id":"https:\/\/trinitycreationsbarcelona.com\/it\/producto\/borse-in-pelle-trinity-eleganza-e-stile\/#breadcrumb"},"inLanguage":"it-IT","potentialAction":[{"@type":"ReadAction","target":["https:\/\/trinitycreationsbarcelona.com\/it\/producto\/borse-in-pelle-trinity-eleganza-e-stile\/"]}]},{"@type":"ImageObject","inLanguage":"it-IT","@id":"https:\/\/trinitycreationsbarcelona.com\/it\/producto\/borse-in-pelle-trinity-eleganza-e-stile\/#primaryimage","url":"https:\/\/trinitycreationsbarcelona.com\/wp-content\/uploads\/2025\/05\/Leonardo_Vision_XL_Disear_una_imagen_que_muestre_un_bolso_de_c_0.jpg","contentUrl":"https:\/\/trinitycreationsbarcelona.com\/wp-content\/uploads\/2025\/05\/Leonardo_Vision_XL_Disear_una_imagen_que_muestre_un_bolso_de_c_0.jpg","width":1792,"height":1456},{"@type":"BreadcrumbList","@id":"https:\/\/trinitycreationsbarcelona.com\/it\/producto\/borse-in-pelle-trinity-eleganza-e-stile\/#breadcrumb","itemListElement":[{"@type":"ListItem","position":1,"name":"Portada","item":"https:\/\/trinitycreationsbarcelona.com\/it\/"},{"@type":"ListItem","position":2,"name":"Negozio","item":"https:\/\/trinitycreationsbarcelona.com\/it\/negozio\/"},{"@type":"ListItem","position":3,"name":"Borse in pelle Trinity: Eleganza e Stile"}]},{"@type":"WebSite","@id":"https:\/\/trinitycreationsbarcelona.com\/it\/#website","url":"https:\/\/trinitycreationsbarcelona.com\/it\/","name":"TrinityCreationsBarcelona","description":"The Leather Alquimist","publisher":{"@id":"https:\/\/trinitycreationsbarcelona.com\/it\/#organization"},"potentialAction":[{"@type":"SearchAction","target":{"@type":"EntryPoint","urlTemplate":"https:\/\/trinitycreationsbarcelona.com\/it\/?s={search_term_string}"},"query-input":{"@type":"PropertyValueSpecification","valueRequired":true,"valueName":"search_term_string"}}],"inLanguage":"it-IT"},{"@type":"Organization","@id":"https:\/\/trinitycreationsbarcelona.com\/it\/#organization","name":"TrinityCreationsBarcelona","url":"https:\/\/trinitycreationsbarcelona.com\/it\/","logo":{"@type":"ImageObject","inLanguage":"it-IT","@id":"https:\/\/trinitycreationsbarcelona.com\/it\/#\/schema\/logo\/image\/","url":"https:\/\/trinitycreationsbarcelona.com\/wp-content\/uploads\/2025\/05\/Leonardo_Phoenix_09_Disear_un_logotipo_para_la_empresa_de_arte_0.jpg","contentUrl":"https:\/\/trinitycreationsbarcelona.com\/wp-content\/uploads\/2025\/05\/Leonardo_Phoenix_09_Disear_un_logotipo_para_la_empresa_de_arte_0.jpg","width":768,"height":768,"caption":"TrinityCreationsBarcelona"},"image":{"@id":"https:\/\/trinitycreationsbarcelona.com\/it\/#\/schema\/logo\/image\/"}}]}},"_links":{"self":[{"href":"https:\/\/trinitycreationsbarcelona.com\/it\/wp-json\/wp\/v2\/product\/715","targetHints":{"allow":["GET"]}}],"collection":[{"href":"https:\/\/trinitycreationsbarcelona.com\/it\/wp-json\/wp\/v2\/product"}],"about":[{"href":"https:\/\/trinitycreationsbarcelona.com\/it\/wp-json\/wp\/v2\/types\/product"}],"replies":[{"embeddable":true,"href":"https:\/\/trinitycreationsbarcelona.com\/it\/wp-json\/wp\/v2\/comments?post=715"}],"wp:featuredmedia":[{"embeddable":true,"href":"https:\/\/trinitycreationsbarcelona.com\/it\/wp-json\/wp\/v2\/media\/393"}],"wp:attachment":[{"href":"https:\/\/trinitycreationsbarcelona.com\/it\/wp-json\/wp\/v2\/media?parent=715"}],"wp:term":[{"taxonomy":"marca","embeddable":true,"href":"https:\/\/trinitycreationsbarcelona.com\/it\/wp-json\/wp\/v2\/marca?post=715"},{"taxonomy":"product_brand","embeddable":true,"href":"https:\/\/trinitycreationsbarcelona.com\/it\/wp-json\/wp\/v2\/product_brand?post=715"},{"taxonomy":"product_cat","embeddable":true,"href":"https:\/\/trinitycreationsbarcelona.com\/it\/wp-json\/wp\/v2\/product_cat?post=715"},{"taxonomy":"product_tag","embeddable":true,"href":"https:\/\/trinitycreationsbarcelona.com\/it\/wp-json\/wp\/v2\/product_tag?post=715"}],"curies":[{"name":"wp","href":"https:\/\/api.w.org\/{rel}","templated":true}]}}